{"id":8,"date":"2019-09-10T06:53:22","date_gmt":"2019-09-10T06:53:22","guid":{"rendered":"https:\/\/echobrasil.simpleagency.ch\/?p=8"},"modified":"2026-03-06T10:31:06","modified_gmt":"2026-03-06T10:31:06","slug":"griffus-cosmetics","status":"publish","type":"page","link":"https:\/\/echo-brasil.com\/it\/griffus-cosmetics\/","title":{"rendered":"Griffus"},"content":{"rendered":"<ul>\n<li>\n<p>        <img decoding=\"async\" src=\"\/wp-content\/uploads\/2025\/03\/LoveCurls-Griffus_products.jpg\" alt=\"\"><\/p>\n<\/li>\n<li>\n<p>        <img decoding=\"async\" src=\"\/wp-content\/uploads\/2025\/03\/LoveLittleCurls-Griffus_products.jpg\" alt=\"\"><\/p>\n<\/li>\n<\/ul>\n<ul>\n<li>\n<p>        <img decoding=\"async\" src=\"\/wp-content\/uploads\/2025\/03\/LoveCurls-Griffus_products_mobile.jpg\" alt=\"\"><\/p>\n<\/li>\n<li>\n<p>        <img decoding=\"async\" src=\"\/wp-content\/uploads\/2025\/03\/LoveCurls-Griffus_products-mobile.jpg\" alt=\"\"><\/p>\n<\/li>\n<\/ul>\n<div>\n<p>        <img decoding=\"async\" src=\"\/wp-content\/uploads\/2024\/10\/Brochure-Griffus.png\" alt=\"\"><\/p>\n<p><a href=\"https:\/\/echo-brasil.com\/wp-content\/uploads\/2025\/03\/BROCHURE_ECHO_BRASIL_2025.pdf\">T\u00e9l\u00e9charger notre catalogue<\/a><\/p>\n<\/div>\n<p><img decoding=\"async\" src=\"\/wp-content\/uploads\/2023\/03\/griffus.png\" alt=\"\"><\/p>\n<div>\n<p>Griffus Cosmetics, fond\u00e9e en 1979, s&#8217;emploie \u00e0 valoriser la beaut\u00e9 de ses clients en proposant des produits d&rsquo;un excellent rapport qualit\u00e9-prix. La marque compte aujourd&rsquo;hui plus de 200 produits distribu\u00e9s dans quinze \u00c9tats br\u00e9siliens, l&rsquo;entreprise dispose d&rsquo;une capacit\u00e9 de production de 500 tonnes par mois.<\/p>\n<p>Griffus Cosmetics accorde une grande importance \u00e0 l&rsquo;innovation et 94% de son lineup dispose du label Peta Cruelty-Free et Vegan. La soci\u00e9t\u00e9 s&rsquo;engage \u00e0 atteindre 100% de certification dans les 12 prochains mois. La marque collabore \u00e9galement avec le projet Eu Reciclo pour g\u00e9rer de mani\u00e8re durable les emballages post-consommation, en les rendant biod\u00e9gradables.<\/p>\n<p>Griffus Cosmetics vise \u00e0 fournir les meilleurs produits cosm\u00e9tiques et d&rsquo;hygi\u00e8ne personnelle, en valorisant l&rsquo;innovation et le respect de l&rsquo;environnement, des partenaires et des employ\u00e9s. Sa vision consiste \u00e0 \u00e9largir sa pr\u00e9sence sur le march\u00e9 int\u00e9rieur et international et en diversifiant son portefeuille de produits. Ses valeurs sont la transparence, l&rsquo;\u00e9thique, la qualit\u00e9, la cr\u00e9ativit\u00e9, l&rsquo;innovation, l&rsquo;engagement envers le client, le travail d&rsquo;\u00e9quipe et le respect de l&rsquo;environnement.<\/p>\n<\/div>\n<p><!--more--><br \/>\n<!-- {\"type\":\"layout\",\"children\":[{\"name\":\"Hero\",\"type\":\"section\",\"props\":{\"class\":\"demo uk-visible@m\",\"header_overlay\":\"light\",\"header_transparent\":\"light\",\"header_transparent_noplaceholder\":false,\"height_viewport\":true,\"image\":\"\",\"image_effect\":\"parallax\",\"image_loading\":true,\"image_parallax_bgy\":\"110,380\",\"image_parallax_breakpoint\":\"l\",\"image_parallax_easing\":\"1\",\"image_position\":\"center-center\",\"image_size\":\"cover\",\"media\":\"images\\\/home-header.jpg\",\"media_advanced\":true,\"media_visibility\":\"s\",\"overlap\":false,\"padding\":\"none\",\"padding_remove_horizontal\":false,\"padding_remove_top\":false,\"style\":\"default\",\"title_breakpoint\":\"xl\",\"title_position\":\"top-left\",\"title_rotation\":\"left\",\"vertical_align\":\"\",\"width\":\"\"},\"children\":[{\"type\":\"row\",\"children\":[{\"type\":\"column\",\"props\":{\"image_position\":\"center-center\",\"media_overlay_gradient\":\"\",\"position_sticky_breakpoint\":\"m\"},\"children\":[{\"type\":\"slideshow\",\"props\":{\"link_style\":\"default\",\"link_text\":\"Read more\",\"margin\":\"default\",\"meta_align\":\"below-title\",\"meta_element\":\"div\",\"meta_style\":\"text-meta\",\"nav\":\"dotnav\",\"nav_align\":\"center\",\"nav_breakpoint\":\"s\",\"nav_position\":\"bottom-center\",\"nav_position_margin\":\"medium\",\"overlay_animation\":\"parallax\",\"overlay_position\":\"center-left\",\"show_content\":true,\"show_link\":true,\"show_meta\":true,\"show_thumbnail\":true,\"show_title\":true,\"slidenav\":\"default\",\"slidenav_breakpoint\":\"s\",\"slidenav_margin\":\"medium\",\"slidenav_outside_breakpoint\":\"xl\",\"slideshow_autoplay_pause\":true,\"slideshow_max_height\":\"760\",\"slideshow_min_height\":\"600\",\"thumbnav_height\":\"75\",\"thumbnav_svg_color\":\"emphasis\",\"thumbnav_width\":\"100\",\"title_element\":\"h3\"},\"children\":[{\"type\":\"slideshow_item\",\"props\":{\"image\":\"wp-content\\\/uploads\\\/2025\\\/03\\\/LoveCurls-Griffus_products.jpg\"}},{\"type\":\"slideshow_item\",\"props\":{\"image\":\"wp-content\\\/uploads\\\/2025\\\/03\\\/LoveLittleCurls-Griffus_products.jpg\"}}]}]}],\"props\":{\"match\":false}}]},{\"name\":\"Hero\",\"type\":\"section\",\"props\":{\"class\":\"demo uk-hidden@m\",\"header_overlay\":\"light\",\"header_transparent\":\"light\",\"header_transparent_noplaceholder\":false,\"height_viewport\":true,\"image\":\"\",\"image_effect\":\"parallax\",\"image_loading\":true,\"image_parallax_bgy\":\"110,380\",\"image_parallax_breakpoint\":\"l\",\"image_parallax_easing\":\"1\",\"image_position\":\"center-center\",\"image_size\":\"cover\",\"media\":\"images\\\/home-header.jpg\",\"media_advanced\":true,\"media_visibility\":\"s\",\"overlap\":false,\"padding\":\"none\",\"padding_remove_horizontal\":false,\"padding_remove_top\":false,\"style\":\"default\",\"title_breakpoint\":\"xl\",\"title_position\":\"top-left\",\"title_rotation\":\"left\",\"vertical_align\":\"\",\"width\":\"\"},\"children\":[{\"type\":\"row\",\"children\":[{\"type\":\"column\",\"props\":{\"image_position\":\"center-center\",\"media_overlay_gradient\":\"\",\"padding\":\"none\",\"position_sticky_breakpoint\":\"m\",\"style\":\"default\"},\"children\":[{\"type\":\"slideshow\",\"props\":{\"link_style\":\"default\",\"link_text\":\"Read more\",\"margin\":\"default\",\"meta_align\":\"below-title\",\"meta_element\":\"div\",\"meta_style\":\"text-meta\",\"nav\":\"dotnav\",\"nav_align\":\"center\",\"nav_breakpoint\":\"s\",\"nav_position\":\"bottom-center\",\"nav_position_margin\":\"medium\",\"overlay_animation\":\"parallax\",\"overlay_position\":\"center-left\",\"show_content\":true,\"show_link\":true,\"show_meta\":true,\"show_thumbnail\":true,\"show_title\":true,\"slidenav\":\"default\",\"slidenav_breakpoint\":\"s\",\"slidenav_margin\":\"medium\",\"slidenav_outside_breakpoint\":\"xl\",\"slideshow_autoplay_pause\":true,\"slideshow_max_height\":\"760\",\"slideshow_min_height\":\"600\",\"thumbnav_height\":\"75\",\"thumbnav_svg_color\":\"emphasis\",\"thumbnav_width\":\"100\",\"title_element\":\"h3\"},\"children\":[{\"type\":\"slideshow_item\",\"props\":{\"image\":\"wp-content\\\/uploads\\\/2025\\\/03\\\/LoveCurls-Griffus_products_mobile.jpg\"}},{\"type\":\"slideshow_item\",\"props\":{\"image\":\"wp-content\\\/uploads\\\/2025\\\/03\\\/LoveCurls-Griffus_products-mobile.jpg\"}}]}]}],\"props\":{\"match\":false,\"status\":\"\"}}]},{\"type\":\"section\",\"props\":{\"image_position\":\"center-center\",\"style\":\"default\",\"title_breakpoint\":\"xl\",\"title_position\":\"top-left\",\"title_rotation\":\"left\",\"vertical_align\":\"middle\",\"width\":\"default\"},\"children\":[{\"type\":\"row\",\"props\":{\"layout\":\"1-3,1-3,1-3\"},\"children\":[{\"type\":\"column\",\"props\":{\"image_position\":\"center-center\",\"media_overlay_gradient\":\"\",\"position_sticky_breakpoint\":\"m\",\"width_medium\":\"1-3\"},\"children\":[]},{\"type\":\"column\",\"props\":{\"image_position\":\"center-center\",\"media_overlay_gradient\":\"\",\"position_sticky_breakpoint\":\"m\",\"width_medium\":\"1-3\"},\"children\":[{\"type\":\"panel\",\"props\":{\"content_column_breakpoint\":\"m\",\"icon_width\":80,\"image\":\"wp-content\\\/uploads\\\/2024\\\/10\\\/Brochure-Griffus.png\",\"image_align\":\"top\",\"image_grid_breakpoint\":\"m\",\"image_grid_width\":\"1-2\",\"image_svg_color\":\"emphasis\",\"link\":\"https:\\\/\\\/echo-brasil.com\\\/wp-content\\\/uploads\\\/2025\\\/03\\\/BROCHURE_ECHO_BRASIL_2025.pdf\",\"link_style\":\"default\",\"link_target\":true,\"link_text\":\"T\\u00e9l\\u00e9charger notre catalogue\",\"margin\":\"default\",\"meta\":\"\",\"meta_align\":\"below-title\",\"meta_element\":\"div\",\"meta_style\":\"text-meta\",\"title\":\"\",\"title_align\":\"top\",\"title_element\":\"h3\",\"title_grid_breakpoint\":\"m\",\"title_grid_width\":\"1-2\",\"title_hover_style\":\"reset\"}}]},{\"type\":\"column\",\"props\":{\"image_position\":\"center-center\",\"media_overlay_gradient\":\"\",\"position_sticky_breakpoint\":\"m\",\"width_medium\":\"1-3\"},\"children\":[]}]}]},{\"type\":\"section\",\"props\":{\"image_position\":\"center-center\",\"style\":\"default\",\"title_breakpoint\":\"xl\",\"title_position\":\"top-left\",\"title_rotation\":\"left\",\"vertical_align\":\"middle\",\"width\":\"default\"},\"children\":[{\"type\":\"row\",\"props\":{\"layout\":\"1-3,2-3\"},\"children\":[{\"type\":\"column\",\"props\":{\"image_position\":\"center-center\",\"media_overlay_gradient\":\"\",\"position_sticky_breakpoint\":\"m\",\"width_medium\":\"1-3\"},\"children\":[{\"type\":\"image\",\"props\":{\"image\":\"wp-content\\\/uploads\\\/2023\\\/03\\\/griffus.png\",\"image_svg_color\":\"emphasis\",\"margin\":\"default\",\"text_align\":\"center\"}}]},{\"type\":\"column\",\"props\":{\"image_position\":\"center-center\",\"media_overlay_gradient\":\"\",\"position_sticky_breakpoint\":\"m\",\"width_medium\":\"2-3\"},\"children\":[{\"type\":\"text\",\"props\":{\"column_breakpoint\":\"m\",\"content\":\"\n\n<p>Griffus Cosmetics, fond\\u00e9e en 1979, s'emploie \\u00e0 valoriser la beaut\\u00e9 de ses clients en proposant des produits d'un excellent rapport qualit\\u00e9-prix. La marque compte aujourd'hui plus de 200 produits distribu\\u00e9s dans quinze \\u00c9tats br\\u00e9siliens, l'entreprise dispose d'une capacit\\u00e9 de production de 500 tonnes par mois.<\\\/p>\\n\n\n<p>Griffus Cosmetics accorde une grande importance \\u00e0 l'innovation et 94% de son lineup dispose du label Peta Cruelty-Free et Vegan. La soci\\u00e9t\\u00e9 s'engage \\u00e0 atteindre 100% de certification dans les 12 prochains mois. La marque collabore \\u00e9galement avec le projet Eu Reciclo pour g\\u00e9rer de mani\\u00e8re durable les emballages post-consommation, en les rendant biod\\u00e9gradables.<\\\/p>\\n\n\n<p>Griffus Cosmetics vise \\u00e0 fournir les meilleurs produits cosm\\u00e9tiques et d'hygi\\u00e8ne personnelle, en valorisant l'innovation et le respect de l'environnement, des partenaires et des employ\\u00e9s. Sa vision consiste \\u00e0 \\u00e9largir sa pr\\u00e9sence sur le march\\u00e9 int\\u00e9rieur et international et en diversifiant son portefeuille de produits. Ses valeurs sont la transparence, l'\\u00e9thique, la qualit\\u00e9, la cr\\u00e9ativit\\u00e9, l'innovation, l'engagement envers le client, le travail d'\\u00e9quipe et le respect de l'environnement.<\\\/p>\",\"margin\":\"default\"}}]}]}]}],\"version\":\"3.0.26\"} --><\/p>\n","protected":false},"excerpt":{"rendered":"<p>T\u00e9l\u00e9charger notre catalogue Griffus Cosmetics, fond\u00e9e en 1979, s&#8217;emploie \u00e0 valoriser la beaut\u00e9 de ses clients en proposant des produits d&rsquo;un excellent rapport qualit\u00e9-prix. La marque compte aujourd&rsquo;hui plus de 200 produits distribu\u00e9s dans quinze \u00c9tats br\u00e9siliens, l&rsquo;entreprise dispose d&rsquo;une capacit\u00e9 de production de 500 tonnes par mois. Griffus Cosmetics accorde une grande importance \u00e0 [&hellip;]<\/p>\n","protected":false},"author":1,"featured_media":0,"parent":0,"menu_order":8,"comment_status":"open","ping_status":"closed","template":"","meta":{"_acf_changed":false,"footnotes":""},"class_list":["post-8","page","type-page","status-publish","hentry"],"acf":[],"jetpack_sharing_enabled":true,"_links":{"self":[{"href":"https:\/\/echo-brasil.com\/it\/wp-json\/wp\/v2\/pages\/8","targetHints":{"allow":["GET"]}}],"collection":[{"href":"https:\/\/echo-brasil.com\/it\/wp-json\/wp\/v2\/pages"}],"about":[{"href":"https:\/\/echo-brasil.com\/it\/wp-json\/wp\/v2\/types\/page"}],"author":[{"embeddable":true,"href":"https:\/\/echo-brasil.com\/it\/wp-json\/wp\/v2\/users\/1"}],"replies":[{"embeddable":true,"href":"https:\/\/echo-brasil.com\/it\/wp-json\/wp\/v2\/comments?post=8"}],"version-history":[{"count":77,"href":"https:\/\/echo-brasil.com\/it\/wp-json\/wp\/v2\/pages\/8\/revisions"}],"predecessor-version":[{"id":1491,"href":"https:\/\/echo-brasil.com\/it\/wp-json\/wp\/v2\/pages\/8\/revisions\/1491"}],"wp:attachment":[{"href":"https:\/\/echo-brasil.com\/it\/wp-json\/wp\/v2\/media?parent=8"}],"curies":[{"name":"wp","href":"https:\/\/api.w.org\/{rel}","templated":true}]}}