{"id":4,"date":"2019-09-10T06:53:22","date_gmt":"2019-09-10T06:53:22","guid":{"rendered":"https:\/\/echobrasil.simpleagency.ch\/?p=4"},"modified":"2025-03-11T09:33:18","modified_gmt":"2025-03-11T09:33:18","slug":"about","status":"publish","type":"page","link":"https:\/\/echo-brasil.com\/en\/about\/","title":{"rendered":"About"},"content":{"rendered":"<p><img decoding=\"async\" src=\"\/wp-content\/uploads\/2023\/03\/woman-with-large-afro.webp\" alt=\"\"><\/p>\n<div>\n<h1>La gen\u00e8se du projet<\/h1>\n<div>\n<p>Notre projet est n\u00e9 d\u2019une constatation avec mon partenaire dans la vie qui, poss\u00e9dant des cheveux fris\u00e9s, se faisait constamment arr\u00eater dans la rue par des personnes lui demandant quel type de traitement il utilisait. Lorsqu&rsquo;il expliquait que les produits \u00e9taient de fabrication br\u00e9silienne avec des essences naturelles, non test\u00e9s sur les animaux et certifi\u00e9s v\u00e9gans, les gens demandaient o\u00f9 ils pouvaient se procurer ces traitements. Nous avons cherch\u00e9 \u00e0 en savoir plus sur les besoins des personnes poss\u00e9dant des cheveux BFC et nous nous sommes vite aper\u00e7us qu&rsquo;il y avait beaucoup de demande pour des produits sp\u00e9cifiques et tr\u00e8s peu d&rsquo;offre. Motiv\u00e9 par ma longue exp\u00e9rience dans la vente et mon envie de satisfaire mes clients ainsi que l\u2019exp\u00e9rience utilisateur de Julio l\u2019id\u00e9e est n\u00e9e de cr\u00e9er Echo Brasil.<\/p>\n<\/div>\n<p><a href=\"#team\"><\/a><\/p>\n<\/div>\n<p><img decoding=\"async\" src=\"\/wp-content\/uploads\/2025\/03\/Echo-Brasil_logo.svg\" alt=\"\"><\/p>\n<h2>La naissance d&rsquo;Echo Brasil<\/h2>\n<div>Les valeurs de base<\/div>\n<div>\n<p>Nous avons d\u00e9fini une ligne directrice qui correspond \u00e0 nos valeurs de base, \u00e0 savoir des produits naturels et sans colorants, non test\u00e9s sur les animaux et v\u00e9gans. Nous distribuons nos produits dans la grande distribution afin de rejoindre le client final. Nous sommes fiers de travailler avec des entreprises qui respectent l&rsquo;humain et l&rsquo;environnement.<\/p>\n<p>Nous avons effectu\u00e9 un sondage client sur un panel de 300 personnes avec des questions qui portaient sur la satisfaction actuelle des clients au niveau du choix et de la qualit\u00e9. Les r\u00e9sultats ont montr\u00e9 qu&rsquo;il y avait trop peu de produits destin\u00e9s \u00e0 une client\u00e8le BFC.\u00a0<\/p>\n<\/p>\n<p>Echo Brasil est n\u00e9.<\/p>\n<\/div>\n<div>Nous allons nous agrandir<\/div>\n<div>\n<h2>Offres d&#8217;emploi ouvertes<\/h2>\n<div>Rejoins une \u00e9quipe jeune, dynamique et passionn\u00e9e.<\/div>\n<p><a href=\"\/contact\/\">Contact<\/a><\/p>\n<\/div>\n<p><!--more--><br \/>\n<!-- {\"name\":\"About\",\"type\":\"layout\",\"children\":[{\"name\":\"About\",\"type\":\"section\",\"props\":{\"animation\":\"fade\",\"header_overlay\":\"light\",\"header_transparent\":\"light\",\"header_transparent_noplaceholder\":true,\"height_viewport\":false,\"image_position\":\"center-center\",\"image_size\":\"cover\",\"media\":\"\",\"padding\":\"large\",\"padding_remove_top\":false,\"style\":\"default\",\"title\":\"About us\",\"title_breakpoint\":\"xl\",\"title_position\":\"center-left\",\"title_rotation\":\"left\",\"vertical_align\":\"middle\",\"width\":\"large\"},\"children\":[{\"name\":\"\",\"type\":\"row\",\"props\":{\"column_gap\":\"large\",\"layout\":\"1-2,1-2\",\"margin\":\"large\",\"match\":false,\"row_gap\":\"large\",\"vertical_align\":true},\"children\":[{\"name\":\"\",\"type\":\"column\",\"props\":{\"image_position\":\"center-center\",\"media_overlay_gradient\":\"\",\"position_sticky_breakpoint\":\"m\",\"vertical_align\":\"middle\",\"width_medium\":\"1-2\"},\"children\":[{\"name\":\"\",\"type\":\"image\",\"props\":{\"image\":\"wp-content\\\/uploads\\\/2023\\\/03\\\/woman-with-large-afro.webp\",\"image_box_shadow\":\"xlarge\",\"image_loading\":true,\"image_svg_color\":\"emphasis\",\"image_width\":\"680\",\"margin\":\"default\",\"text_align\":\"left\",\"text_align_breakpoint\":\"m\",\"text_align_fallback\":\"center\"}}]},{\"name\":\"\",\"type\":\"column\",\"props\":{\"image_position\":\"center-center\",\"media_overlay_gradient\":\"\",\"order_first\":\"m\",\"position_sticky_breakpoint\":\"m\",\"vertical_align\":\"middle\",\"width_medium\":\"1-2\"},\"children\":[{\"name\":\"\",\"type\":\"panel\",\"props\":{\"content\":\"\n\n<p>Notre projet est n\\u00e9 d\\u2019une constatation avec mon partenaire dans la vie qui, poss\\u00e9dant des cheveux fris\\u00e9s, se faisait constamment arr\\u00eater dans la rue par des personnes lui demandant quel type de traitement il utilisait. Lorsqu'il expliquait que les produits \\u00e9taient de fabrication br\\u00e9silienne avec des essences naturelles, non test\\u00e9s sur les animaux et certifi\\u00e9s v\\u00e9gans, les gens demandaient o\\u00f9 ils pouvaient se procurer ces traitements. Nous avons cherch\\u00e9 \\u00e0 en savoir plus sur les besoins des personnes poss\\u00e9dant des cheveux BFC et nous nous sommes vite aper\\u00e7us qu'il y avait beaucoup de demande pour des produits sp\\u00e9cifiques et tr\\u00e8s peu d'offre. Motiv\\u00e9 par ma longue exp\\u00e9rience dans la vente et mon envie de satisfaire mes clients ainsi que l\\u2019exp\\u00e9rience utilisateur de Julio l\\u2019id\\u00e9e est n\\u00e9e de cr\\u00e9er Echo Brasil.<\\\/p>\",\"content_column_breakpoint\":\"m\",\"icon_width\":80,\"image_align\":\"top\",\"image_grid_breakpoint\":\"m\",\"image_grid_width\":\"1-2\",\"image_svg_color\":\"emphasis\",\"link\":\"#team\",\"link_style\":\"primary\",\"link_text\":\"\",\"margin\":\"medium\",\"maxwidth\":\"large\",\"maxwidth_breakpoint\":\"m\",\"meta_align\":\"below-title\",\"meta_element\":\"div\",\"meta_style\":\"text-meta\",\"text_align\":\"left\",\"text_align_breakpoint\":\"m\",\"text_align_fallback\":\"center\",\"title\":\"La gen\\u00e8se du projet\",\"title_align\":\"top\",\"title_element\":\"h1\",\"title_grid_breakpoint\":\"m\",\"title_grid_width\":\"1-2\",\"title_hover_style\":\"reset\",\"title_style\":\"heading-small\"}}]}]}]},{\"name\":\"Location\",\"type\":\"section\",\"props\":{\"animation\":\"fade\",\"image\":\"\",\"image_effect\":\"parallax\",\"image_parallax_bgy\":\"-100,20\",\"image_parallax_breakpoint\":\"m\",\"image_parallax_easing\":\"1\",\"image_position\":\"center-center\",\"media_visibility\":\"xl\",\"padding\":\"large\",\"padding_remove_top\":true,\"style\":\"default\",\"title_breakpoint\":\"xl\",\"title_position\":\"top-left\",\"title_rotation\":\"left\",\"vertical_align\":\"middle\",\"width\":\"large\"},\"children\":[{\"name\":\"\",\"type\":\"row\",\"props\":{\"column_gap\":\"large\",\"layout\":\"1-2,1-2\",\"margin\":\"default\",\"match\":false,\"row_gap\":\"large\",\"vertical_align\":true},\"children\":[{\"name\":\"\",\"type\":\"column\",\"props\":{\"image_position\":\"center-center\",\"media_overlay_gradient\":\"\",\"position_sticky_breakpoint\":\"m\",\"vertical_align\":\"middle\",\"width_medium\":\"1-2\"},\"children\":[{\"name\":\"\",\"type\":\"image\",\"props\":{\"image\":\"wp-content\\\/uploads\\\/2025\\\/03\\\/Echo-Brasil_logo.svg\",\"image_loading\":true,\"image_svg_color\":\"emphasis\",\"image_width\":\"460\",\"margin\":\"default\",\"text_align\":\"left\",\"text_align_breakpoint\":\"m\",\"text_align_fallback\":\"center\"}}]},{\"name\":\"\",\"type\":\"column\",\"props\":{\"image_position\":\"center-center\",\"media_overlay_gradient\":\"\",\"position_sticky_breakpoint\":\"m\",\"vertical_align\":\"middle\",\"width_medium\":\"1-2\"},\"children\":[{\"name\":\"\",\"type\":\"headline\",\"props\":{\"content\":\"La naissance d'Echo Brasil\",\"maxwidth\":\"medium\",\"maxwidth_breakpoint\":\"m\",\"text_align\":\"left\",\"text_align_breakpoint\":\"m\",\"text_align_fallback\":\"center\",\"title_decoration\":\"bullet\",\"title_element\":\"h2\",\"title_style\":\"h6\"}},{\"name\":\"\",\"type\":\"headline\",\"props\":{\"content\":\"Les valeurs de base\",\"margin\":\"default\",\"maxwidth\":\"xlarge\",\"maxwidth_breakpoint\":\"m\",\"text_align\":\"left\",\"text_align_breakpoint\":\"m\",\"text_align_fallback\":\"center\",\"title_element\":\"div\",\"title_style\":\"heading-small\"}},{\"name\":\"\",\"type\":\"text\",\"props\":{\"column_breakpoint\":\"m\",\"content\":\"\n\n<p>Nous avons d\\u00e9fini une ligne directrice qui correspond \\u00e0 nos valeurs de base, \\u00e0 savoir des produits naturels et sans colorants, non test\\u00e9s sur les animaux et v\\u00e9gans. Nous distribuons nos produits dans la grande distribution afin de rejoindre le client final. Nous sommes fiers de travailler avec des entreprises qui respectent l'humain et l'environnement.<\\\/p>\\n\n\n<p>Nous avons effectu\\u00e9 un sondage client sur un panel de 300 personnes avec des questions qui portaient sur la satisfaction actuelle des clients au niveau du choix et de la qualit\\u00e9. Les r\\u00e9sultats ont montr\\u00e9 qu'il y avait trop peu de produits destin\\u00e9s \\u00e0 une client\\u00e8le BFC.\\u00a0<\\\/p>\\n\n\n<p><\\\/p>\\n\n\n<p>Echo Brasil est n\\u00e9.<\\\/p>\",\"margin\":\"medium\",\"maxwidth\":\"large\",\"maxwidth_breakpoint\":\"m\",\"text_align\":\"left\",\"text_align_breakpoint\":\"m\",\"text_align_fallback\":\"center\"}}]}]}]},{\"name\":\"Team\",\"type\":\"section\",\"props\":{\"animation\":\"fade\",\"id\":\"team\",\"image_position\":\"center-center\",\"style\":\"default\",\"title_breakpoint\":\"xl\",\"title_position\":\"top-left\",\"title_rotation\":\"left\",\"vertical_align\":\"middle\",\"width\":\"large\"},\"children\":[{\"name\":\"\",\"type\":\"row\",\"props\":{\"column_gap\":\"large\",\"layout\":\"1-2,1-2\",\"margin\":\"large\",\"row_gap\":\"large\",\"vertical_align\":true},\"children\":[{\"name\":\"\",\"type\":\"column\",\"props\":{\"image_position\":\"center-center\",\"media_overlay_gradient\":\"\",\"position_sticky_breakpoint\":\"m\",\"vertical_align\":\"middle\",\"width_medium\":\"1-2\"},\"children\":[{\"name\":\"\",\"type\":\"headline\",\"props\":{\"block_align\":\"center\",\"content\":\"Nous allons nous agrandir\",\"maxwidth\":\"medium\",\"text_align\":\"left\",\"text_align_breakpoint\":\"m\",\"text_align_fallback\":\"center\",\"title_decoration\":\"bullet\",\"title_element\":\"div\",\"title_style\":\"h6\"}}]},{\"name\":\"\",\"type\":\"column\",\"props\":{\"image_position\":\"center-center\",\"media_overlay_gradient\":\"\",\"position_sticky_breakpoint\":\"m\",\"vertical_align\":\"middle\",\"width_medium\":\"1-2\"},\"children\":[{\"name\":\"\",\"type\":\"panel\",\"props\":{\"content\":\"Rejoins une \\u00e9quipe jeune, dynamique et passionn\\u00e9e.\",\"content_column_breakpoint\":\"m\",\"icon_width\":80,\"image_align\":\"top\",\"image_grid_breakpoint\":\"m\",\"image_grid_width\":\"1-2\",\"image_svg_color\":\"emphasis\",\"link\":\"contact\\\/\",\"link_style\":\"default\",\"link_text\":\"Contact\",\"margin\":\"default\",\"meta_align\":\"below-title\",\"meta_element\":\"div\",\"meta_style\":\"text-meta\",\"panel_padding\":\"large\",\"panel_style\":\"card-primary\",\"text_align\":\"left\",\"text_align_breakpoint\":\"m\",\"text_align_fallback\":\"center\",\"title\":\"Offres d'emploi ouvertes\",\"title_align\":\"top\",\"title_element\":\"h2\",\"title_grid_breakpoint\":\"m\",\"title_grid_width\":\"1-2\",\"title_hover_style\":\"reset\",\"title_style\":\"h3\"}}]}]}]}],\"version\":\"3.0.26\"} --><\/p>\n","protected":false},"excerpt":{"rendered":"<p>La gen\u00e8se du projet Notre projet est n\u00e9 d\u2019une constatation avec mon partenaire dans la vie qui, poss\u00e9dant des cheveux fris\u00e9s, se faisait constamment arr\u00eater dans la rue par des personnes lui demandant quel type de traitement il utilisait. Lorsqu&rsquo;il expliquait que les produits \u00e9taient de fabrication br\u00e9silienne avec des essences naturelles, non test\u00e9s sur [&hellip;]<\/p>\n","protected":false},"author":1,"featured_media":0,"parent":0,"menu_order":6,"comment_status":"open","ping_status":"open","template":"","meta":{"_acf_changed":false,"footnotes":""},"class_list":["post-4","page","type-page","status-publish","hentry"],"acf":[],"jetpack_sharing_enabled":true,"_links":{"self":[{"href":"https:\/\/echo-brasil.com\/en\/wp-json\/wp\/v2\/pages\/4","targetHints":{"allow":["GET"]}}],"collection":[{"href":"https:\/\/echo-brasil.com\/en\/wp-json\/wp\/v2\/pages"}],"about":[{"href":"https:\/\/echo-brasil.com\/en\/wp-json\/wp\/v2\/types\/page"}],"author":[{"embeddable":true,"href":"https:\/\/echo-brasil.com\/en\/wp-json\/wp\/v2\/users\/1"}],"replies":[{"embeddable":true,"href":"https:\/\/echo-brasil.com\/en\/wp-json\/wp\/v2\/comments?post=4"}],"version-history":[{"count":17,"href":"https:\/\/echo-brasil.com\/en\/wp-json\/wp\/v2\/pages\/4\/revisions"}],"predecessor-version":[{"id":1458,"href":"https:\/\/echo-brasil.com\/en\/wp-json\/wp\/v2\/pages\/4\/revisions\/1458"}],"wp:attachment":[{"href":"https:\/\/echo-brasil.com\/en\/wp-json\/wp\/v2\/media?parent=4"}],"curies":[{"name":"wp","href":"https:\/\/api.w.org\/{rel}","templated":true}]}}