{"id":1,"date":"2019-09-10T06:53:22","date_gmt":"2019-09-10T06:53:22","guid":{"rendered":"https:\/\/echobrasil.simpleagency.ch\/?p=1"},"modified":"2025-07-11T12:24:18","modified_gmt":"2025-07-11T12:24:18","slug":"home","status":"publish","type":"page","link":"https:\/\/echo-brasil.com\/en\/","title":{"rendered":"Home"},"content":{"rendered":"<ul>\n<li>\n<p>        <img decoding=\"async\" src=\"\/wp-content\/uploads\/2023\/03\/hero1.webp\" alt=\"\"><\/p>\n<h2>Votre importateur de produits capillaires pour cheveux boucl\u00e9s, fris\u00e9s et cr\u00e9pus.<\/h2>\n<p><a href=\"\/about\/\">A propos d&rsquo;Echo Brasil<\/a><\/p>\n<\/li>\n<li>\n<p>        <img decoding=\"async\" src=\"\/wp-content\/uploads\/2023\/03\/hero2.webp\" alt=\"\"><\/p>\n<h2>Eliminer 80% des frisotis pour une d\u00e9finition optimale des boucles.<\/h2>\n<p>Des produits efficaces<\/p>\n<p><a href=\"\/contact\/\">Contactez-nous<\/a><\/p>\n<\/li>\n<li>\n<p>        <img decoding=\"async\" src=\"\/wp-content\/uploads\/2023\/03\/hero3c.webp\" alt=\"\"><\/p>\n<h2>Produits naturels, sans colorant, non test\u00e9s sur les animaux et certifi\u00e9s v\u00e9gans.<\/h2>\n<p>Nos valeurs<\/p>\n<p><a href=\"\/griffus-cosmetics\/\">D\u00e9couvrir les catalogues<\/a><\/p>\n<\/li>\n<\/ul>\n<ul>\n<li>\n<p>        <img decoding=\"async\" src=\"\/wp-content\/uploads\/2023\/03\/hero_small_1b.webp\" alt=\"\"><\/p>\n<h2>Votre importateur de produits capillaires pour cheveux boucl\u00e9s, fris\u00e9s et cr\u00e9pus.<\/h2>\n<p><a href=\"\/about\/\">A propos d&rsquo;Echo Brasil<\/a><\/p>\n<\/li>\n<li>\n<p>        <img decoding=\"async\" src=\"\/wp-content\/uploads\/2023\/03\/hero_small_2d.webp\" alt=\"\"><\/p>\n<h2>Eliminer 80% des frisotis pour une d\u00e9finition optimale des boucles.<\/h2>\n<p>Des produits efficaces<\/p>\n<p><a href=\"\/contact\/\">Contactez-nous<\/a><\/p>\n<\/li>\n<li>\n<p>        <img decoding=\"async\" src=\"\/wp-content\/uploads\/2023\/03\/hero_small_3c.webp\" alt=\"\"><\/p>\n<h2>Produits naturels, sans colorant, non test\u00e9s sur les animaux et certifi\u00e9s v\u00e9gans.<\/h2>\n<p>Nos valeurs<\/p>\n<p><a href=\"\/griffus-cosmetics\/\">D\u00e9couvrir les catalogues<\/a><\/p>\n<\/li>\n<\/ul>\n<div>\n<h2>\u00cates-vous un acheteur dans la grande distribution ?<\/h2>\n<p>Mission<\/p>\n<div>\n<p>Nous proposons des produits de qualit\u00e9 issus d&rsquo;une exp\u00e9rience de plus de 25 ans de nos partenaires br\u00e9siliens. Notre mission est de r\u00e9pondre \u00e0 une demande croissante en Europe pour des produits sp\u00e9cifiques pour les personnes adultes et enfants poss\u00e9dant les cheveux BFC.<\/p>\n<p>Nous distribuons dans la GDO (Grande distribution organis\u00e9e) et la GDS (Grande distribution sp\u00e9cialis\u00e9e) des marques de qualit\u00e9 issues d\u2019une recherche de plus de 35 ans.<\/p>\n<\/div>\n<p><a href=\"\/about\/\">En savoir plus&#8230;<\/a><\/p>\n<\/div>\n<p><img decoding=\"async\" src=\"\/wp-content\/uploads\/2023\/03\/gdogds2.webp\" alt=\"\"><br \/>\n<img decoding=\"async\" src=\"\/wp-content\/uploads\/2025\/03\/Echo-Brasil_logo.svg\" alt=\"\"><\/p>\n<div>\n<p>Prenez rendez-vous<\/p>\n<\/div>\n<h2><a href=\"tel:+41 76 515 38 71 \">+41 (0) 76 536 59 99<\/a><\/h2>\n<p>\n    <a href=\"\/contact\/\">Contactez-nous !<\/a>\n<\/p>\n<ul>\n<li>\n<h3>Horaires d&rsquo;ouverture<\/h3>\n<div>\n<p>Lun, ven: 8h &#8211; 17h<br \/>Sam, dim: Ferm\u00e9<\/p>\n<\/div>\n<\/li>\n<li>\n<h3>Adresse<\/h3>\n<div>\n<p>Chemin de la Traverse 2<br \/>1170 Aubonne <br \/>Suisse (Europe)<\/p>\n<\/div>\n<\/li>\n<\/ul>\n<ul>\n<li><a href=\"https:\/\/www.facebook.com\/profile.php?id=100083185899756\">facebook<\/a>\n<\/li>\n<li><a href=\"https:\/\/www.instagram.com\/echobrasilecho\/\">instagram<\/a>\n<\/li>\n<\/ul>\n<p><!--more--><br \/>\n<!-- {\"name\":\"Home\",\"type\":\"layout\",\"children\":[{\"name\":\"Hero\",\"type\":\"section\",\"props\":{\"class\":\"demo uk-visible@m\",\"header_transparent\":\"light\",\"header_transparent_noplaceholder\":true,\"image_position\":\"center-center\",\"padding\":\"none\",\"preserve_color\":false,\"style\":\"primary\",\"title_breakpoint\":\"xl\",\"title_position\":\"top-left\",\"title_rotation\":\"left\",\"vertical_align\":\"middle\",\"width\":\"\"},\"children\":[{\"name\":\"\",\"type\":\"row\",\"children\":[{\"name\":\"\",\"type\":\"column\",\"props\":{\"image_position\":\"center-center\",\"media_overlay_gradient\":\"\",\"position_sticky_breakpoint\":\"m\",\"width_medium\":\"1-1\"},\"children\":[{\"name\":\"\",\"type\":\"slideshow\",\"props\":{\"image_loading\":true,\"image_width\":\"2560\",\"link_parallax_y\":\"-60,0,190\",\"link_style\":\"default\",\"link_text\":\"Read more\",\"margin\":\"default\",\"meta_align\":\"above-title\",\"meta_element\":\"div\",\"meta_parallax_y\":\"70,0,-100\",\"meta_style\":\"h6\",\"nav\":\"thumbnav\",\"nav_align\":\"center\",\"nav_breakpoint\":\"s\",\"nav_color\":\"\",\"nav_margin\":\"\",\"nav_position\":\"bottom-center\",\"nav_position_margin\":\"large\",\"overlay_animation\":\"parallax\",\"overlay_container\":\"large\",\"overlay_container_padding\":\"\",\"overlay_position\":\"center-left\",\"overlay_width\":\"xlarge\",\"show_content\":true,\"show_link\":true,\"show_meta\":true,\"show_thumbnail\":true,\"show_title\":true,\"slidenav\":\"\",\"slidenav_breakpoint\":\"s\",\"slidenav_margin\":\"medium\",\"slidenav_outside_breakpoint\":\"xl\",\"slidenav_outside_color\":\"\",\"slideshow_animation\":\"pull\",\"slideshow_autoplay\":true,\"slideshow_autoplay_pause\":true,\"slideshow_box_decoration\":\"\",\"slideshow_box_shadow\":\"\",\"slideshow_height\":\"full\",\"slideshow_kenburns\":\"\",\"slideshow_max_height\":\"900\",\"slideshow_min_height\":\"600\",\"slideshow_velocity\":\"1.4\",\"text_align\":\"left\",\"text_align_breakpoint\":\"s\",\"text_align_fallback\":\"center\",\"thumbnav_height\":\"95\",\"thumbnav_svg_color\":\"emphasis\",\"thumbnav_width\":\"110\",\"title_decoration\":\"line\",\"title_element\":\"h2\",\"title_parallax_x\":\"320,0,-250\",\"title_style\":\"heading-medium\"},\"children\":[{\"name\":\"\",\"type\":\"slideshow_item\",\"props\":{\"image\":\"wp-content\\\/uploads\\\/2023\\\/03\\\/hero1.webp\",\"link\":\"about\\\/\",\"link_text\":\"A propos d'Echo Brasil\",\"meta\":\"\",\"thumbnail\":\"wp-content\\\/uploads\\\/2023\\\/03\\\/home_hero_thumb1.jpg\",\"title\":\"Votre importateur de produits capillaires pour cheveux boucl\\u00e9s, fris\\u00e9s et cr\\u00e9pus.\"}},{\"name\":\"\",\"type\":\"slideshow_item\",\"props\":{\"image\":\"wp-content\\\/uploads\\\/2023\\\/03\\\/hero2.webp\",\"link\":\"contact\\\/\",\"link_text\":\"Contactez-nous\",\"meta\":\"Des produits efficaces\",\"thumbnail\":\"wp-content\\\/uploads\\\/2023\\\/03\\\/home_hero_thumb2.jpg\",\"title\":\"Eliminer 80% des frisotis pour une d\\u00e9finition optimale des boucles.\"}},{\"name\":\"\",\"type\":\"slideshow_item\",\"props\":{\"image\":\"wp-content\\\/uploads\\\/2023\\\/03\\\/hero3c.webp\",\"link\":\"griffus-cosmetics\\\/\",\"link_text\":\"D\\u00e9couvrir les catalogues\",\"meta\":\"Nos valeurs\",\"thumbnail\":\"wp-content\\\/uploads\\\/2023\\\/03\\\/home_hero_thumb3c.webp\",\"title\":\"Produits naturels, sans colorant, non test\\u00e9s sur les animaux et certifi\\u00e9s v\\u00e9gans.\"}}]}]}]}]},{\"name\":\"Hero\",\"type\":\"section\",\"props\":{\"class\":\"demo uk-hidden@m\",\"header_transparent\":\"light\",\"header_transparent_noplaceholder\":true,\"image_position\":\"center-center\",\"overlap\":false,\"padding\":\"none\",\"preserve_color\":false,\"style\":\"primary\",\"title_breakpoint\":\"xl\",\"title_position\":\"top-left\",\"title_rotation\":\"left\",\"vertical_align\":\"middle\",\"width\":\"\"},\"children\":[{\"name\":\"\",\"type\":\"row\",\"children\":[{\"name\":\"\",\"type\":\"column\",\"props\":{\"image_position\":\"center-center\",\"media_overlay_gradient\":\"\",\"position_sticky_breakpoint\":\"m\",\"width_medium\":\"1-1\"},\"children\":[{\"name\":\"\",\"type\":\"slideshow\",\"props\":{\"image_loading\":true,\"image_width\":\"2560\",\"link_parallax_y\":\"-60,0,190\",\"link_style\":\"default\",\"link_text\":\"Read more\",\"margin\":\"default\",\"margin_remove_top\":false,\"meta_align\":\"above-title\",\"meta_element\":\"div\",\"meta_parallax_y\":\"70,0,-100\",\"meta_style\":\"h6\",\"nav\":\"thumbnav\",\"nav_align\":\"center\",\"nav_breakpoint\":\"s\",\"nav_color\":\"\",\"nav_margin\":\"\",\"nav_position\":\"bottom-center\",\"nav_position_margin\":\"large\",\"overlay_animation\":\"parallax\",\"overlay_container\":\"large\",\"overlay_container_padding\":\"large\",\"overlay_position\":\"top-center\",\"overlay_width\":\"xlarge\",\"position\":\"relative\",\"show_content\":true,\"show_link\":true,\"show_meta\":true,\"show_thumbnail\":true,\"show_title\":true,\"slidenav\":\"\",\"slidenav_breakpoint\":\"s\",\"slidenav_margin\":\"medium\",\"slidenav_outside_breakpoint\":\"xl\",\"slidenav_outside_color\":\"\",\"slideshow_animation\":\"pull\",\"slideshow_autoplay\":true,\"slideshow_autoplay_pause\":true,\"slideshow_box_decoration\":\"\",\"slideshow_box_shadow\":\"\",\"slideshow_height\":\"full\",\"slideshow_kenburns\":\"\",\"slideshow_max_height\":\"900\",\"slideshow_min_height\":\"600\",\"slideshow_velocity\":\"1.4\",\"text_align\":\"left\",\"text_align_breakpoint\":\"m\",\"text_align_fallback\":\"center\",\"thumbnav_height\":\"95\",\"thumbnav_svg_color\":\"emphasis\",\"thumbnav_width\":\"110\",\"title_decoration\":\"line\",\"title_element\":\"h2\",\"title_parallax_x\":\"320,0,-250\",\"title_style\":\"h3\"},\"children\":[{\"name\":\"\",\"type\":\"slideshow_item\",\"props\":{\"image\":\"wp-content\\\/uploads\\\/2023\\\/03\\\/hero_small_1b.webp\",\"link\":\"about\\\/\",\"link_text\":\"A propos d'Echo Brasil\",\"meta\":\"\",\"thumbnail\":\"wp-content\\\/uploads\\\/2023\\\/03\\\/home_hero_thumb1.jpg\",\"title\":\"Votre importateur de produits capillaires pour cheveux boucl\\u00e9s, fris\\u00e9s et cr\\u00e9pus.\"}},{\"name\":\"\",\"type\":\"slideshow_item\",\"props\":{\"image\":\"wp-content\\\/uploads\\\/2023\\\/03\\\/hero_small_2d.webp\",\"link\":\"contact\\\/\",\"link_text\":\"Contactez-nous\",\"meta\":\"Des produits efficaces\",\"thumbnail\":\"wp-content\\\/uploads\\\/2023\\\/03\\\/home_hero_thumb2.jpg\",\"title\":\"Eliminer 80% des frisotis pour une d\\u00e9finition optimale des boucles.\"}},{\"name\":\"\",\"type\":\"slideshow_item\",\"props\":{\"image\":\"wp-content\\\/uploads\\\/2023\\\/03\\\/hero_small_3c.webp\",\"link\":\"griffus-cosmetics\\\/\",\"link_text\":\"D\\u00e9couvrir les catalogues\",\"meta\":\"Nos valeurs\",\"thumbnail\":\"wp-content\\\/uploads\\\/2023\\\/03\\\/home_hero_thumb3c.webp\",\"title\":\"Produits naturels, sans colorant, non test\\u00e9s sur les animaux et certifi\\u00e9s v\\u00e9gans.\"}}]}]}],\"props\":{\"margin_remove_top\":false}}]},{\"name\":\"Team\",\"type\":\"section\",\"props\":{\"animation\":\"slide-left-medium\",\"header_overlay\":\"light\",\"height_viewport\":false,\"image_position\":\"center-center\",\"image_size\":\"cover\",\"media\":\"\",\"padding_remove_bottom\":false,\"padding_remove_top\":false,\"style\":\"default\",\"title\":\"A qui s'adressent nos produits\",\"title_breakpoint\":\"xl\",\"title_position\":\"center-left\",\"title_rotation\":\"left\",\"vertical_align\":\"middle\",\"width\":\"large\"},\"children\":[{\"name\":\"\",\"type\":\"row\",\"props\":{\"column_gap\":\"large\",\"layout\":\"1-2,1-2\",\"margin\":\"default\",\"match\":false,\"row_gap\":\"large\",\"vertical_align\":true},\"children\":[{\"name\":\"\",\"type\":\"column\",\"props\":{\"image_position\":\"center-center\",\"media_overlay_gradient\":\"\",\"position_sticky_breakpoint\":\"m\",\"vertical_align\":\"middle\",\"width_medium\":\"1-2\"},\"children\":[{\"name\":\"\",\"type\":\"panel\",\"props\":{\"content\":\"\n\n<p>Nous proposons des produits de qualit\\u00e9 issus d'une exp\\u00e9rience de plus de 25 ans de nos partenaires br\\u00e9siliens. Notre mission est de r\\u00e9pondre \\u00e0 une demande croissante en Europe pour des produits sp\\u00e9cifiques pour les personnes adultes et enfants poss\\u00e9dant les cheveux BFC.<\\\/p>\\n\n\n<p>Nous distribuons dans la GDO (Grande distribution organis\\u00e9e) et la GDS (Grande distribution sp\\u00e9cialis\\u00e9e) des marques de qualit\\u00e9 issues d\\u2019une recherche de plus de 35 ans.<\\\/p>\",\"content_column_breakpoint\":\"m\",\"icon_width\":80,\"image_align\":\"top\",\"image_grid_breakpoint\":\"m\",\"image_grid_width\":\"1-2\",\"image_svg_color\":\"emphasis\",\"link\":\"about\\\/\",\"link_style\":\"default\",\"link_text\":\"En savoir plus...\",\"margin\":\"medium\",\"maxwidth\":\"large\",\"maxwidth_breakpoint\":\"m\",\"meta\":\"Mission\",\"meta_align\":\"below-title\",\"meta_element\":\"div\",\"meta_style\":\"text-meta\",\"text_align\":\"left\",\"text_align_breakpoint\":\"m\",\"text_align_fallback\":\"center\",\"title\":\"\\u00cates-vous un acheteur dans la grande distribution ?\",\"title_align\":\"top\",\"title_element\":\"h2\",\"title_grid_breakpoint\":\"m\",\"title_grid_width\":\"1-2\",\"title_hover_style\":\"reset\",\"title_style\":\"heading-small\"}}]},{\"type\":\"column\",\"props\":{\"image_position\":\"center-center\",\"media_overlay_gradient\":\"\",\"position_sticky_breakpoint\":\"m\",\"width_medium\":\"1-2\"},\"children\":[{\"type\":\"image\",\"props\":{\"image\":\"wp-content\\\/uploads\\\/2023\\\/03\\\/gdogds2.webp\",\"image_border\":\"rounded\",\"image_box_decoration\":\"mask\",\"image_svg_color\":\"emphasis\",\"margin\":\"default\",\"text_align\":\"center\"}}]}]}]},{\"name\":\"Contact\",\"type\":\"section\",\"props\":{\"animation\":\"slide-right-medium\",\"animation_delay\":false,\"image\":\"\",\"image_effect\":\"parallax\",\"image_parallax_bgx\":\"-50,10\",\"image_parallax_easing\":\"1\",\"image_position\":\"bottom-center\",\"media_visibility\":\"l\",\"padding\":\"xlarge\",\"padding_remove_top\":false,\"style\":\"default\",\"title_breakpoint\":\"xl\",\"title_position\":\"top-left\",\"title_rotation\":\"left\",\"vertical_align\":\"middle\",\"width\":\"large\"},\"children\":[{\"name\":\"\",\"type\":\"row\",\"props\":{\"column_gap\":\"large\",\"layout\":\"1-2,1-2\",\"margin\":\"default\",\"match\":false,\"row_gap\":\"large\",\"vertical_align\":true},\"children\":[{\"name\":\"\",\"type\":\"column\",\"props\":{\"image_position\":\"center-center\",\"media_overlay_gradient\":\"\",\"position_sticky_breakpoint\":\"m\",\"vertical_align\":\"middle\",\"width_medium\":\"1-2\"},\"children\":[{\"name\":\"\",\"type\":\"image\",\"props\":{\"animation\":\"slide-left-medium\",\"block_align\":\"center\",\"image\":\"wp-content\\\/uploads\\\/2025\\\/03\\\/Echo-Brasil_logo.svg\",\"image_loading\":true,\"image_svg_animate\":true,\"image_svg_color\":\"emphasis\",\"image_svg_inline\":true,\"image_width\":\"400\",\"margin\":\"default\",\"maxwidth\":\"2xlarge\",\"maxwidth_breakpoint\":\"m\",\"text_align\":\"left\",\"text_align_breakpoint\":\"m\",\"text_align_fallback\":\"center\"}}]},{\"name\":\"\",\"type\":\"column\",\"props\":{\"image_position\":\"center-center\",\"media_overlay_gradient\":\"\",\"position_sticky_breakpoint\":\"m\",\"vertical_align\":\"middle\",\"width_medium\":\"1-2\"},\"children\":[{\"name\":\"\",\"type\":\"text\",\"props\":{\"column_breakpoint\":\"m\",\"content\":\"\n\n<p>Prenez rendez-vous<\\\/p>\",\"margin\":\"default\",\"text_align\":\"left\",\"text_align_breakpoint\":\"m\",\"text_align_fallback\":\"center\",\"text_style\":\"meta\"}},{\"name\":\"\",\"type\":\"headline\",\"props\":{\"content\":\"+41 (0) 76 536 59 99\",\"link\":\"tel:+41 76 515 38 71 \",\"margin\":\"medium\",\"margin_remove_top\":true,\"text_align\":\"left\",\"text_align_breakpoint\":\"m\",\"text_align_fallback\":\"center\",\"title_element\":\"h2\",\"title_style\":\"h1\"}},{\"name\":\"\",\"type\":\"button\",\"props\":{\"grid_column_gap\":\"small\",\"grid_row_gap\":\"small\",\"margin\":\"default\",\"text_align\":\"left\",\"text_align_breakpoint\":\"m\",\"text_align_fallback\":\"center\"},\"children\":[{\"name\":\"\",\"type\":\"button_item\",\"props\":{\"button_style\":\"default\",\"content\":\"Contactez-nous !\",\"icon_align\":\"left\",\"link\":\"contact\\\/\",\"link_title\":\"\"}}]},{\"name\":\"\",\"type\":\"grid\",\"props\":{\"content_column_breakpoint\":\"m\",\"filter_align\":\"left\",\"filter_all\":true,\"filter_grid_breakpoint\":\"m\",\"filter_grid_width\":\"auto\",\"filter_position\":\"top\",\"filter_style\":\"tab\",\"grid_default\":\"1\",\"grid_medium\":\"\",\"grid_small\":\"2\",\"icon_width\":80,\"image_align\":\"top\",\"image_grid_breakpoint\":\"m\",\"image_grid_width\":\"1-2\",\"image_svg_color\":\"emphasis\",\"item_animation\":true,\"link_style\":\"default\",\"link_text\":\"Read more\",\"margin\":\"large\",\"meta_align\":\"below-title\",\"meta_element\":\"div\",\"meta_style\":\"text-meta\",\"parallax_easing\":\"1\",\"show_content\":true,\"show_image\":true,\"show_link\":true,\"show_meta\":true,\"show_title\":true,\"text_align\":\"left\",\"text_align_breakpoint\":\"m\",\"text_align_fallback\":\"center\",\"title_align\":\"top\",\"title_color\":\"primary\",\"title_element\":\"h3\",\"title_grid_breakpoint\":\"m\",\"title_grid_width\":\"1-2\",\"title_hover_style\":\"reset\",\"title_style\":\"h5\"},\"children\":[{\"name\":\"\",\"type\":\"grid_item\",\"props\":{\"content\":\"\n\n<p>Lun, ven: 8h - 17h<br \\\/>Sam, dim: Ferm\\u00e9<\\\/p>\",\"title\":\"Horaires d'ouverture\"}},{\"name\":\"\",\"type\":\"grid_item\",\"props\":{\"content\":\"\n\n<p>Chemin de la Traverse 2<br \\\/>1170 Aubonne <br \\\/>Suisse (Europe)<\\\/p>\",\"title\":\"Adresse\"}}]},{\"name\":\"\",\"type\":\"social\",\"props\":{\"block_align\":\"center\",\"grid\":\"horizontal\",\"grid_gap\":\"\",\"link_style\":\"link\",\"link_target\":true,\"margin\":\"default\",\"text_align\":\"left\",\"text_align_breakpoint\":\"m\",\"text_align_fallback\":\"center\"},\"children\":[{\"type\":\"social_item\",\"props\":{\"link\":\"https:\\\/\\\/www.facebook.com\\\/profile.php?id=100083185899756\"}},{\"type\":\"social_item\",\"props\":{\"link\":\"https:\\\/\\\/www.instagram.com\\\/echobrasilecho\\\/\"}}]}]}]}]},{\"name\":\"Newsletter\",\"type\":\"section\",\"props\":{\"animation\":\"slide-bottom-medium\",\"height_viewport\":false,\"image\":\"\",\"image_position\":\"center-center\",\"media\":\"images\\\/home-quality.jpg\",\"padding\":\"large\",\"padding_remove_bottom\":false,\"preserve_color\":false,\"status\":\"disabled\",\"style\":\"secondary\",\"title_breakpoint\":\"xl\",\"title_position\":\"top-left\",\"title_rotation\":\"left\",\"vertical_align\":\"middle\",\"width\":\"xlarge\"},\"children\":[{\"name\":\"\",\"type\":\"row\",\"props\":{\"column_gap\":\"large\",\"divider\":false,\"layout\":\"1-2,1-2\",\"margin\":\"default\",\"match\":true,\"row_gap\":\"large\",\"vertical_align\":false},\"children\":[{\"name\":\"\",\"type\":\"column\",\"props\":{\"image_position\":\"center-center\",\"media_overlay_gradient\":\"\",\"position_sticky_breakpoint\":\"m\",\"width_medium\":\"1-2\"},\"children\":[{\"name\":\"\",\"type\":\"panel\",\"props\":{\"block_align\":\"center\",\"content\":\"Tous nos produits sont homologu\\u00e9s via un laboratoire pour la vente dans toute l\\u2019Europe.\",\"content_column_breakpoint\":\"m\",\"icon_width\":80,\"image_align\":\"top\",\"image_grid_breakpoint\":\"m\",\"image_grid_width\":\"1-2\",\"image_svg_color\":\"emphasis\",\"link_style\":\"default\",\"link_text\":\"Read more\",\"margin\":\"default\",\"maxwidth\":\"xlarge\",\"maxwidth_breakpoint\":\"m\",\"meta_align\":\"below-title\",\"meta_element\":\"div\",\"meta_style\":\"text-meta\",\"text_align\":\"left\",\"text_align_breakpoint\":\"m\",\"text_align_fallback\":\"center\",\"title\":\"Certifications\",\"title_align\":\"top\",\"title_element\":\"h2\",\"title_grid_breakpoint\":\"m\",\"title_grid_width\":\"1-2\",\"title_hover_style\":\"reset\",\"title_style\":\"h5\"}}]},{\"name\":\"\",\"type\":\"column\",\"props\":{\"image_position\":\"center-center\",\"media_overlay_gradient\":\"\",\"position_sticky_breakpoint\":\"m\",\"width_medium\":\"1-2\"},\"children\":[{\"name\":\"\",\"type\":\"newsletter\",\"props\":{\"block_align\":\"center\",\"button_icon\":\"mail\",\"button_margin\":\"\",\"button_mode\":\"icon\",\"button_style\":\"default\",\"cmonitor\":{\"client_id\":\"\",\"list_id\":\"\"},\"label_button\":\"Subscribe\",\"label_email\":\"Email address\",\"label_first_name\":\"First name\",\"label_last_name\":\"Last name\",\"layout\":\"grid\",\"mailchimp\":{\"client_id\":\"\",\"list_id\":\"\"},\"margin\":\"small\",\"maxwidth\":\"large\",\"provider\":{\"name\":\"mailchimp\",\"after_submit\":\"message\",\"message\":\"You've been subscribed successfully.\",\"redirect\":\"\"},\"show_name\":false,\"text_align\":\"right\",\"text_align_breakpoint\":\"m\",\"text_align_fallback\":\"center\"}},{\"name\":\"\",\"type\":\"text\",\"props\":{\"block_align\":\"center\",\"column_breakpoint\":\"m\",\"content\":\"* Just subscribe to our newsletter for further information. \",\"margin\":\"remove-vertical\",\"maxwidth\":\"large\",\"text_align\":\"left\",\"text_align_breakpoint\":\"m\",\"text_align_fallback\":\"center\",\"text_style\":\"small\"}}]}]}]}],\"version\":\"3.0.26\"} --><\/p>\n","protected":false},"excerpt":{"rendered":"<p>Votre importateur de produits capillaires pour cheveux boucl\u00e9s, fris\u00e9s et cr\u00e9pus. A propos d&rsquo;Echo Brasil Eliminer 80% des frisotis pour une d\u00e9finition optimale des boucles. Des produits efficaces Contactez-nous Produits naturels, sans colorant, non test\u00e9s sur les animaux et certifi\u00e9s v\u00e9gans. Nos valeurs D\u00e9couvrir les catalogues Votre importateur de produits capillaires pour cheveux boucl\u00e9s, fris\u00e9s [&hellip;]<\/p>\n","protected":false},"author":1,"featured_media":0,"parent":0,"menu_order":3,"comment_status":"open","ping_status":"open","template":"","meta":{"_acf_changed":false,"footnotes":""},"class_list":["post-1","page","type-page","status-publish","hentry"],"acf":[],"jetpack_sharing_enabled":true,"_links":{"self":[{"href":"https:\/\/echo-brasil.com\/en\/wp-json\/wp\/v2\/pages\/1","targetHints":{"allow":["GET"]}}],"collection":[{"href":"https:\/\/echo-brasil.com\/en\/wp-json\/wp\/v2\/pages"}],"about":[{"href":"https:\/\/echo-brasil.com\/en\/wp-json\/wp\/v2\/types\/page"}],"author":[{"embeddable":true,"href":"https:\/\/echo-brasil.com\/en\/wp-json\/wp\/v2\/users\/1"}],"replies":[{"embeddable":true,"href":"https:\/\/echo-brasil.com\/en\/wp-json\/wp\/v2\/comments?post=1"}],"version-history":[{"count":93,"href":"https:\/\/echo-brasil.com\/en\/wp-json\/wp\/v2\/pages\/1\/revisions"}],"predecessor-version":[{"id":1528,"href":"https:\/\/echo-brasil.com\/en\/wp-json\/wp\/v2\/pages\/1\/revisions\/1528"}],"wp:attachment":[{"href":"https:\/\/echo-brasil.com\/en\/wp-json\/wp\/v2\/media?parent=1"}],"curies":[{"name":"wp","href":"https:\/\/api.w.org\/{rel}","templated":true}]}}